{"id":70,"date":"2018-06-19T10:45:59","date_gmt":"2018-06-19T08:45:59","guid":{"rendered":"https:\/\/clementinecharuel.com\/services\/"},"modified":"2026-03-11T18:30:08","modified_gmt":"2026-03-11T17:30:08","slug":"extraits-musicaux","status":"publish","type":"page","link":"https:\/\/clementinecharuel.com\/en\/extraits-musicaux\/","title":{"rendered":"Extraits Musicaux"},"content":{"rendered":"<div data-elementor-type=\"wp-post\" data-elementor-id=\"70\" class=\"elementor elementor-70\">\n\t\t\t\t\t\t<section class=\"elementor-section elementor-top-section elementor-element elementor-element-326e56ec elementor-section-stretched elementor-section-height-min-height elementor-section-content-middle elementor-section-boxed elementor-section-height-default elementor-section-items-middle\" data-id=\"326e56ec\" data-element_type=\"section\" data-e-type=\"section\" data-settings=\"{&quot;stretch_section&quot;:&quot;section-stretched&quot;,&quot;background_background&quot;:&quot;classic&quot;}\">\n\t\t\t\t\t\t\t<div class=\"elementor-background-overlay\"><\/div>\n\t\t\t\t\t\t\t<div class=\"elementor-container elementor-column-gap-default\">\n\t\t\t\t\t<div class=\"aux-parallax-section elementor-column elementor-col-100 elementor-top-column elementor-element elementor-element-5b0142d aux-appear-watch-animation aux-fade-in-right\" data-id=\"5b0142d\" data-element_type=\"column\" data-e-type=\"column\">\n\t\t\t<div class=\"elementor-widget-wrap elementor-element-populated\">\n\t\t\t\t\t\t<div class=\"elementor-element elementor-element-76517dc elementor-widget elementor-widget-aux_modern_heading\" data-id=\"76517dc\" data-element_type=\"widget\" data-e-type=\"widget\" data-widget_type=\"aux_modern_heading.default\">\n\t\t\t\t<div class=\"elementor-widget-container\">\n\t\t\t\t\t<section class=\"aux-widget-modern-heading\">\n            <div class=\"aux-widget-inner\"><h2 class=\"aux-modern-heading-primary\">Music excerpts<\/h2><\/div>\n        <\/section>\t\t\t\t<\/div>\n\t\t\t\t<\/div>\n\t\t\t\t\t<\/div>\n\t\t<\/div>\n\t\t\t\t\t<\/div>\n\t\t<\/section>\n\t\t\t\t<section class=\"elementor-section elementor-top-section elementor-element elementor-element-b157058 elementor-section-stretched elementor-section-height-min-height elementor-section-boxed elementor-section-height-default elementor-section-items-middle\" data-id=\"b157058\" data-element_type=\"section\" data-e-type=\"section\" data-settings=\"{&quot;stretch_section&quot;:&quot;section-stretched&quot;,&quot;background_background&quot;:&quot;classic&quot;}\">\n\t\t\t\t\t\t\t<div class=\"elementor-background-overlay\"><\/div>\n\t\t\t\t\t\t\t<div class=\"elementor-container elementor-column-gap-default\">\n\t\t\t\t\t<div class=\"aux-parallax-section elementor-column elementor-col-100 elementor-top-column elementor-element elementor-element-6a71224\" data-id=\"6a71224\" data-element_type=\"column\" data-e-type=\"column\">\n\t\t\t<div class=\"elementor-widget-wrap elementor-element-populated\">\n\t\t\t\t\t\t<section class=\"elementor-section elementor-inner-section elementor-element elementor-element-b27b132 elementor-section-boxed elementor-section-height-default elementor-section-height-default\" data-id=\"b27b132\" data-element_type=\"section\" data-e-type=\"section\">\n\t\t\t\t\t\t<div class=\"elementor-container elementor-column-gap-default\">\n\t\t\t\t\t<div class=\"aux-parallax-section elementor-column elementor-col-50 elementor-inner-column elementor-element elementor-element-75f6909\" data-id=\"75f6909\" data-element_type=\"column\" data-e-type=\"column\">\n\t\t\t<div class=\"elementor-widget-wrap elementor-element-populated\">\n\t\t\t\t\t\t<div class=\"elementor-element elementor-element-0722ff8 elementor-widget elementor-widget-heading\" data-id=\"0722ff8\" data-element_type=\"widget\" data-e-type=\"widget\" data-widget_type=\"heading.default\">\n\t\t\t\t<div class=\"elementor-widget-container\">\n\t\t\t\t\t<h2 class=\"elementor-heading-title elementor-size-default\">Trompe-la-mort<\/h2>\t\t\t\t<\/div>\n\t\t\t\t<\/div>\n\t\t\t\t<div class=\"elementor-element elementor-element-f239a30 elementor-widget elementor-widget-text-editor\" data-id=\"f239a30\" data-element_type=\"widget\" data-e-type=\"widget\" data-widget_type=\"text-editor.default\">\n\t\t\t\t<div class=\"elementor-widget-container\">\n\t\t\t\t\t\t\t\t\t<p>Feature Film directed by Rocco Labb\u00e9 (2026)<\/p>\t\t\t\t\t\t\t\t<\/div>\n\t\t\t\t<\/div>\n\t\t\t\t\t<\/div>\n\t\t<\/div>\n\t\t\t\t<div class=\"aux-parallax-section elementor-column elementor-col-50 elementor-inner-column elementor-element elementor-element-a02cb4a\" data-id=\"a02cb4a\" data-element_type=\"column\" data-e-type=\"column\">\n\t\t\t<div class=\"elementor-widget-wrap elementor-element-populated\">\n\t\t\t\t\t\t<div class=\"elementor-element elementor-element-893c6db elementor-widget elementor-widget-aux_audio\" data-id=\"893c6db\" data-element_type=\"widget\" data-e-type=\"widget\" data-widget_type=\"aux_audio.default\">\n\t\t\t\t<div class=\"elementor-widget-container\">\n\t\t\t\t\t<section class=\"widget-container aux-widget-audio aux-parent-au90e45515\"><audio class=\"wp-audio-shortcode aux-player-light\" id=\"audio-70-1\" style=\"width: 100%;\" controls=\"controls\"><source type=\"audio\/wav\" src=\"https:\/\/clementinecharuel.com\/wp-content\/uploads\/2026\/03\/TLM-Camouflage-V2.25-SOUNDTRACK_Stereo-Out.wav?_=1\" \/><a href=\"https:\/\/clementinecharuel.com\/wp-content\/uploads\/2026\/03\/TLM-Camouflage-V2.25-SOUNDTRACK_Stereo-Out.wav\">https:\/\/clementinecharuel.com\/wp-content\/uploads\/2026\/03\/TLM-Camouflage-V2.25-SOUNDTRACK_Stereo-Out.wav<\/a><\/audio><\/section><!-- widget-container -->\t\t\t\t<\/div>\n\t\t\t\t<\/div>\n\t\t\t\t\t<\/div>\n\t\t<\/div>\n\t\t\t\t\t<\/div>\n\t\t<\/section>\n\t\t\t\t<section class=\"elementor-section elementor-inner-section elementor-element elementor-element-76014a5 elementor-section-boxed elementor-section-height-default elementor-section-height-default\" data-id=\"76014a5\" data-element_type=\"section\" data-e-type=\"section\">\n\t\t\t\t\t\t<div class=\"elementor-container elementor-column-gap-default\">\n\t\t\t\t\t<div class=\"aux-parallax-section elementor-column elementor-col-50 elementor-inner-column elementor-element elementor-element-07897d5\" data-id=\"07897d5\" data-element_type=\"column\" data-e-type=\"column\">\n\t\t\t<div class=\"elementor-widget-wrap elementor-element-populated\">\n\t\t\t\t\t\t<div class=\"elementor-element elementor-element-62cd8a5 elementor-widget elementor-widget-heading\" data-id=\"62cd8a5\" data-element_type=\"widget\" data-e-type=\"widget\" data-widget_type=\"heading.default\">\n\t\t\t\t<div class=\"elementor-widget-container\">\n\t\t\t\t\t<h2 class=\"elementor-heading-title elementor-size-default\">Distress<\/h2>\t\t\t\t<\/div>\n\t\t\t\t<\/div>\n\t\t\t\t<div class=\"elementor-element elementor-element-37e4e8f elementor-widget elementor-widget-text-editor\" data-id=\"37e4e8f\" data-element_type=\"widget\" data-e-type=\"widget\" data-widget_type=\"text-editor.default\">\n\t\t\t\t<div class=\"elementor-widget-container\">\n\t\t\t\t\t\t\t\t\t<p>Short film directed by Arnaud H\u00e9mery (2025)<\/p>\t\t\t\t\t\t\t\t<\/div>\n\t\t\t\t<\/div>\n\t\t\t\t\t<\/div>\n\t\t<\/div>\n\t\t\t\t<div class=\"aux-parallax-section elementor-column elementor-col-50 elementor-inner-column elementor-element elementor-element-cb1e787\" data-id=\"cb1e787\" data-element_type=\"column\" data-e-type=\"column\">\n\t\t\t<div class=\"elementor-widget-wrap elementor-element-populated\">\n\t\t\t\t\t\t<div class=\"elementor-element elementor-element-486e4ba elementor-widget elementor-widget-aux_audio\" data-id=\"486e4ba\" data-element_type=\"widget\" data-e-type=\"widget\" data-widget_type=\"aux_audio.default\">\n\t\t\t\t<div class=\"elementor-widget-container\">\n\t\t\t\t\t<section class=\"widget-container aux-widget-audio aux-parent-au76f64efc\"><audio class=\"wp-audio-shortcode aux-player-light\" id=\"audio-70-2\" style=\"width: 100%;\" controls=\"controls\"><source type=\"audio\/wav\" src=\"https:\/\/clementinecharuel.com\/wp-content\/uploads\/2025\/11\/DTRS-ST-01-Un-Vertige-edit.wav?_=2\" \/><a href=\"https:\/\/clementinecharuel.com\/wp-content\/uploads\/2025\/11\/DTRS-ST-01-Un-Vertige-edit.wav\">https:\/\/clementinecharuel.com\/wp-content\/uploads\/2025\/11\/DTRS-ST-01-Un-Vertige-edit.wav<\/a><\/audio><\/section><!-- widget-container -->\t\t\t\t<\/div>\n\t\t\t\t<\/div>\n\t\t\t\t\t<\/div>\n\t\t<\/div>\n\t\t\t\t\t<\/div>\n\t\t<\/section>\n\t\t\t\t<section class=\"elementor-section elementor-inner-section elementor-element elementor-element-805a19d elementor-section-boxed elementor-section-height-default elementor-section-height-default\" data-id=\"805a19d\" data-element_type=\"section\" data-e-type=\"section\">\n\t\t\t\t\t\t<div class=\"elementor-container elementor-column-gap-default\">\n\t\t\t\t\t<div class=\"aux-parallax-section elementor-column elementor-col-50 elementor-inner-column elementor-element elementor-element-2457241\" data-id=\"2457241\" data-element_type=\"column\" data-e-type=\"column\">\n\t\t\t<div class=\"elementor-widget-wrap elementor-element-populated\">\n\t\t\t\t\t\t<div class=\"elementor-element elementor-element-937d066 elementor-widget elementor-widget-heading\" data-id=\"937d066\" data-element_type=\"widget\" data-e-type=\"widget\" data-widget_type=\"heading.default\">\n\t\t\t\t<div class=\"elementor-widget-container\">\n\t\t\t\t\t<h2 class=\"elementor-heading-title elementor-size-default\">Cherry<\/h2>\t\t\t\t<\/div>\n\t\t\t\t<\/div>\n\t\t\t\t<div class=\"elementor-element elementor-element-6ff5c1b elementor-widget elementor-widget-text-editor\" data-id=\"6ff5c1b\" data-element_type=\"widget\" data-e-type=\"widget\" data-widget_type=\"text-editor.default\">\n\t\t\t\t<div class=\"elementor-widget-container\">\n\t\t\t\t\t\t\t\t\t<p>Feature film directed by Sophie Galibert (2023)<\/p>\t\t\t\t\t\t\t\t<\/div>\n\t\t\t\t<\/div>\n\t\t\t\t\t<\/div>\n\t\t<\/div>\n\t\t\t\t<div class=\"aux-parallax-section elementor-column elementor-col-50 elementor-inner-column elementor-element elementor-element-d409705\" data-id=\"d409705\" data-element_type=\"column\" data-e-type=\"column\">\n\t\t\t<div class=\"elementor-widget-wrap elementor-element-populated\">\n\t\t\t\t\t\t<div class=\"elementor-element elementor-element-056bf97 elementor-widget elementor-widget-aux_audio\" data-id=\"056bf97\" data-element_type=\"widget\" data-e-type=\"widget\" data-widget_type=\"aux_audio.default\">\n\t\t\t\t<div class=\"elementor-widget-container\">\n\t\t\t\t\t<section class=\"widget-container aux-widget-audio aux-parent-au1c4899f2\"><audio class=\"wp-audio-shortcode aux-player-light\" id=\"audio-70-3\" style=\"width: 100%;\" controls=\"controls\"><source type=\"audio\/wav\" src=\"https:\/\/clementinecharuel.com\/wp-content\/uploads\/2025\/04\/CHRY_Cherry.wav?_=3\" \/><a href=\"https:\/\/clementinecharuel.com\/wp-content\/uploads\/2025\/04\/CHRY_Cherry.wav\">https:\/\/clementinecharuel.com\/wp-content\/uploads\/2025\/04\/CHRY_Cherry.wav<\/a><\/audio><\/section><!-- widget-container -->\t\t\t\t<\/div>\n\t\t\t\t<\/div>\n\t\t\t\t<div class=\"elementor-element elementor-element-0ec56a1 elementor-widget elementor-widget-aux_audio\" data-id=\"0ec56a1\" data-element_type=\"widget\" data-e-type=\"widget\" data-widget_type=\"aux_audio.default\">\n\t\t\t\t<div class=\"elementor-widget-container\">\n\t\t\t\t\t<section class=\"widget-container aux-widget-audio aux-parent-au7d9988a4\"><audio class=\"wp-audio-shortcode aux-player-light\" id=\"audio-70-4\" style=\"width: 100%;\" controls=\"controls\"><source type=\"audio\/wav\" src=\"https:\/\/clementinecharuel.com\/wp-content\/uploads\/2025\/04\/CHRY_Ride-On-The-Sun.wav?_=4\" \/><a href=\"https:\/\/clementinecharuel.com\/wp-content\/uploads\/2025\/04\/CHRY_Ride-On-The-Sun.wav\">https:\/\/clementinecharuel.com\/wp-content\/uploads\/2025\/04\/CHRY_Ride-On-The-Sun.wav<\/a><\/audio><\/section><!-- widget-container -->\t\t\t\t<\/div>\n\t\t\t\t<\/div>\n\t\t\t\t\t<\/div>\n\t\t<\/div>\n\t\t\t\t\t<\/div>\n\t\t<\/section>\n\t\t\t\t<section class=\"elementor-section elementor-inner-section elementor-element elementor-element-ec158da elementor-section-boxed elementor-section-height-default elementor-section-height-default\" data-id=\"ec158da\" data-element_type=\"section\" data-e-type=\"section\">\n\t\t\t\t\t\t<div class=\"elementor-container elementor-column-gap-default\">\n\t\t\t\t\t<div class=\"aux-parallax-section elementor-column elementor-col-50 elementor-inner-column elementor-element elementor-element-a79a06a\" data-id=\"a79a06a\" data-element_type=\"column\" data-e-type=\"column\">\n\t\t\t<div class=\"elementor-widget-wrap elementor-element-populated\">\n\t\t\t\t\t\t<div class=\"elementor-element elementor-element-b85a4ef elementor-widget elementor-widget-heading\" data-id=\"b85a4ef\" data-element_type=\"widget\" data-e-type=\"widget\" data-widget_type=\"heading.default\">\n\t\t\t\t<div class=\"elementor-widget-container\">\n\t\t\t\t\t<h2 class=\"elementor-heading-title elementor-size-default\">Phosphore<\/h2>\t\t\t\t<\/div>\n\t\t\t\t<\/div>\n\t\t\t\t<div class=\"elementor-element elementor-element-c759f8d elementor-widget elementor-widget-text-editor\" data-id=\"c759f8d\" data-element_type=\"widget\" data-e-type=\"widget\" data-widget_type=\"text-editor.default\">\n\t\t\t\t<div class=\"elementor-widget-container\">\n\t\t\t\t\t\t\t\t\t<p>Short film directed by Antoine Devulder (La F\u00e9mis, 2022)<\/p>\t\t\t\t\t\t\t\t<\/div>\n\t\t\t\t<\/div>\n\t\t\t\t\t<\/div>\n\t\t<\/div>\n\t\t\t\t<div class=\"aux-parallax-section elementor-column elementor-col-50 elementor-inner-column elementor-element elementor-element-61b7691\" data-id=\"61b7691\" data-element_type=\"column\" data-e-type=\"column\">\n\t\t\t<div class=\"elementor-widget-wrap elementor-element-populated\">\n\t\t\t\t\t\t<div class=\"elementor-element elementor-element-a6d2389 elementor-widget elementor-widget-aux_audio\" data-id=\"a6d2389\" data-element_type=\"widget\" data-e-type=\"widget\" data-widget_type=\"aux_audio.default\">\n\t\t\t\t<div class=\"elementor-widget-container\">\n\t\t\t\t\t<section class=\"widget-container aux-widget-audio aux-parent-aud8016478\"><audio class=\"wp-audio-shortcode aux-player-light\" id=\"audio-70-5\" style=\"width: 100%;\" controls=\"controls\"><source type=\"audio\/wav\" src=\"https:\/\/clementinecharuel.com\/wp-content\/uploads\/2025\/04\/PSPR_Loreze.wav?_=5\" \/><a href=\"https:\/\/clementinecharuel.com\/wp-content\/uploads\/2025\/04\/PSPR_Loreze.wav\">https:\/\/clementinecharuel.com\/wp-content\/uploads\/2025\/04\/PSPR_Loreze.wav<\/a><\/audio><\/section><!-- widget-container -->\t\t\t\t<\/div>\n\t\t\t\t<\/div>\n\t\t\t\t\t<\/div>\n\t\t<\/div>\n\t\t\t\t\t<\/div>\n\t\t<\/section>\n\t\t\t\t<section class=\"elementor-section elementor-inner-section elementor-element elementor-element-7b2e1c5 elementor-section-boxed elementor-section-height-default elementor-section-height-default\" data-id=\"7b2e1c5\" data-element_type=\"section\" data-e-type=\"section\">\n\t\t\t\t\t\t<div class=\"elementor-container elementor-column-gap-default\">\n\t\t\t\t\t<div class=\"aux-parallax-section elementor-column elementor-col-50 elementor-inner-column elementor-element elementor-element-275d864\" data-id=\"275d864\" data-element_type=\"column\" data-e-type=\"column\">\n\t\t\t<div class=\"elementor-widget-wrap elementor-element-populated\">\n\t\t\t\t\t\t<div class=\"elementor-element elementor-element-f615e15 elementor-widget elementor-widget-heading\" data-id=\"f615e15\" data-element_type=\"widget\" data-e-type=\"widget\" data-widget_type=\"heading.default\">\n\t\t\t\t<div class=\"elementor-widget-container\">\n\t\t\t\t\t<h2 class=\"elementor-heading-title elementor-size-default\">Icarus<\/h2>\t\t\t\t<\/div>\n\t\t\t\t<\/div>\n\t\t\t\t<div class=\"elementor-element elementor-element-4893593 elementor-widget elementor-widget-text-editor\" data-id=\"4893593\" data-element_type=\"widget\" data-e-type=\"widget\" data-widget_type=\"text-editor.default\">\n\t\t\t\t<div class=\"elementor-widget-container\">\n\t\t\t\t\t\t\t\t\t<p>Short film directed by Christos Kardana (2025)<\/p>\t\t\t\t\t\t\t\t<\/div>\n\t\t\t\t<\/div>\n\t\t\t\t\t<\/div>\n\t\t<\/div>\n\t\t\t\t<div class=\"aux-parallax-section elementor-column elementor-col-50 elementor-inner-column elementor-element elementor-element-92c7c25\" data-id=\"92c7c25\" data-element_type=\"column\" data-e-type=\"column\">\n\t\t\t<div class=\"elementor-widget-wrap elementor-element-populated\">\n\t\t\t\t\t\t<div class=\"elementor-element elementor-element-9891648 elementor-widget elementor-widget-aux_audio\" data-id=\"9891648\" data-element_type=\"widget\" data-e-type=\"widget\" data-widget_type=\"aux_audio.default\">\n\t\t\t\t<div class=\"elementor-widget-container\">\n\t\t\t\t\t<section class=\"widget-container aux-widget-audio aux-parent-au556cc5c2\"><audio class=\"wp-audio-shortcode aux-player-light\" id=\"audio-70-6\" style=\"width: 100%;\" controls=\"controls\"><source type=\"audio\/wav\" src=\"https:\/\/clementinecharuel.com\/wp-content\/uploads\/2025\/04\/ICRS_Icarus.wav?_=6\" \/><a href=\"https:\/\/clementinecharuel.com\/wp-content\/uploads\/2025\/04\/ICRS_Icarus.wav\">https:\/\/clementinecharuel.com\/wp-content\/uploads\/2025\/04\/ICRS_Icarus.wav<\/a><\/audio><\/section><!-- widget-container -->\t\t\t\t<\/div>\n\t\t\t\t<\/div>\n\t\t\t\t\t<\/div>\n\t\t<\/div>\n\t\t\t\t\t<\/div>\n\t\t<\/section>\n\t\t\t\t<section class=\"elementor-section elementor-inner-section elementor-element elementor-element-e73568e elementor-section-boxed elementor-section-height-default elementor-section-height-default\" data-id=\"e73568e\" data-element_type=\"section\" data-e-type=\"section\">\n\t\t\t\t\t\t<div class=\"elementor-container elementor-column-gap-default\">\n\t\t\t\t\t<div class=\"aux-parallax-section elementor-column elementor-col-50 elementor-inner-column elementor-element elementor-element-610d5e5\" data-id=\"610d5e5\" data-element_type=\"column\" data-e-type=\"column\">\n\t\t\t<div class=\"elementor-widget-wrap elementor-element-populated\">\n\t\t\t\t\t\t<div class=\"elementor-element elementor-element-3a250f7 elementor-widget elementor-widget-heading\" data-id=\"3a250f7\" data-element_type=\"widget\" data-e-type=\"widget\" data-widget_type=\"heading.default\">\n\t\t\t\t<div class=\"elementor-widget-container\">\n\t\t\t\t\t<h2 class=\"elementor-heading-title elementor-size-default\">Des Femmes, Une Voix<\/h2>\t\t\t\t<\/div>\n\t\t\t\t<\/div>\n\t\t\t\t<div class=\"elementor-element elementor-element-93a1679 elementor-widget elementor-widget-text-editor\" data-id=\"93a1679\" data-element_type=\"widget\" data-e-type=\"widget\" data-widget_type=\"text-editor.default\">\n\t\t\t\t<div class=\"elementor-widget-container\">\n\t\t\t\t\t\t\t\t\t<p>Documentary directed by Stanislas Zambeaux (2025)<\/p>\t\t\t\t\t\t\t\t<\/div>\n\t\t\t\t<\/div>\n\t\t\t\t\t<\/div>\n\t\t<\/div>\n\t\t\t\t<div class=\"aux-parallax-section elementor-column elementor-col-50 elementor-inner-column elementor-element elementor-element-d8ddb2e\" data-id=\"d8ddb2e\" data-element_type=\"column\" data-e-type=\"column\">\n\t\t\t<div class=\"elementor-widget-wrap elementor-element-populated\">\n\t\t\t\t\t\t<div class=\"elementor-element elementor-element-87dd2d9 elementor-widget elementor-widget-aux_audio\" data-id=\"87dd2d9\" data-element_type=\"widget\" data-e-type=\"widget\" data-widget_type=\"aux_audio.default\">\n\t\t\t\t<div class=\"elementor-widget-container\">\n\t\t\t\t\t<section class=\"widget-container aux-widget-audio aux-parent-aub4067b81\"><audio class=\"wp-audio-shortcode aux-player-light\" id=\"audio-70-7\" style=\"width: 100%;\" controls=\"controls\"><source type=\"audio\/wav\" src=\"https:\/\/clementinecharuel.com\/wp-content\/uploads\/2025\/04\/DFUV-05-Avancer.wav?_=7\" \/><a href=\"https:\/\/clementinecharuel.com\/wp-content\/uploads\/2025\/04\/DFUV-05-Avancer.wav\">https:\/\/clementinecharuel.com\/wp-content\/uploads\/2025\/04\/DFUV-05-Avancer.wav<\/a><\/audio><\/section><!-- widget-container -->\t\t\t\t<\/div>\n\t\t\t\t<\/div>\n\t\t\t\t\t<\/div>\n\t\t<\/div>\n\t\t\t\t\t<\/div>\n\t\t<\/section>\n\t\t\t\t<section class=\"elementor-section elementor-inner-section elementor-element elementor-element-d78ef3e elementor-section-boxed elementor-section-height-default elementor-section-height-default\" data-id=\"d78ef3e\" data-element_type=\"section\" data-e-type=\"section\">\n\t\t\t\t\t\t<div class=\"elementor-container elementor-column-gap-default\">\n\t\t\t\t\t<div class=\"aux-parallax-section elementor-column elementor-col-50 elementor-inner-column elementor-element elementor-element-1af22e7\" data-id=\"1af22e7\" data-element_type=\"column\" data-e-type=\"column\">\n\t\t\t<div class=\"elementor-widget-wrap elementor-element-populated\">\n\t\t\t\t\t\t<div class=\"elementor-element elementor-element-de5b242 elementor-widget elementor-widget-heading\" data-id=\"de5b242\" data-element_type=\"widget\" data-e-type=\"widget\" data-widget_type=\"heading.default\">\n\t\t\t\t<div class=\"elementor-widget-container\">\n\t\t\t\t\t<h2 class=\"elementor-heading-title elementor-size-default\">Sixes &amp; Sevens<\/h2>\t\t\t\t<\/div>\n\t\t\t\t<\/div>\n\t\t\t\t<div class=\"elementor-element elementor-element-c410c40 elementor-widget elementor-widget-text-editor\" data-id=\"c410c40\" data-element_type=\"widget\" data-e-type=\"widget\" data-widget_type=\"text-editor.default\">\n\t\t\t\t<div class=\"elementor-widget-container\">\n\t\t\t\t\t\t\t\t\t<p>Short film directed by Ryan Hammaker<\/p>\t\t\t\t\t\t\t\t<\/div>\n\t\t\t\t<\/div>\n\t\t\t\t\t<\/div>\n\t\t<\/div>\n\t\t\t\t<div class=\"aux-parallax-section elementor-column elementor-col-50 elementor-inner-column elementor-element elementor-element-23fe4a7\" data-id=\"23fe4a7\" data-element_type=\"column\" data-e-type=\"column\">\n\t\t\t<div class=\"elementor-widget-wrap elementor-element-populated\">\n\t\t\t\t\t\t<div class=\"elementor-element elementor-element-89af5cd elementor-widget elementor-widget-aux_audio\" data-id=\"89af5cd\" data-element_type=\"widget\" data-e-type=\"widget\" data-widget_type=\"aux_audio.default\">\n\t\t\t\t<div class=\"elementor-widget-container\">\n\t\t\t\t\t<section class=\"widget-container aux-widget-audio aux-parent-aueb04ba66\"><audio class=\"wp-audio-shortcode aux-player-light\" id=\"audio-70-8\" style=\"width: 100%;\" controls=\"controls\"><source type=\"audio\/wav\" src=\"https:\/\/clementinecharuel.com\/wp-content\/uploads\/2025\/11\/MAMM-SOUNDTRACK-MASTER_MAMM-03-Expiate.wav?_=8\" \/><a href=\"https:\/\/clementinecharuel.com\/wp-content\/uploads\/2025\/11\/MAMM-SOUNDTRACK-MASTER_MAMM-03-Expiate.wav\">https:\/\/clementinecharuel.com\/wp-content\/uploads\/2025\/11\/MAMM-SOUNDTRACK-MASTER_MAMM-03-Expiate.wav<\/a><\/audio><\/section><!-- widget-container -->\t\t\t\t<\/div>\n\t\t\t\t<\/div>\n\t\t\t\t\t<\/div>\n\t\t<\/div>\n\t\t\t\t\t<\/div>\n\t\t<\/section>\n\t\t\t\t<section class=\"elementor-section elementor-inner-section elementor-element elementor-element-bb0aea9 elementor-section-boxed elementor-section-height-default elementor-section-height-default\" data-id=\"bb0aea9\" data-element_type=\"section\" data-e-type=\"section\">\n\t\t\t\t\t\t<div class=\"elementor-container elementor-column-gap-default\">\n\t\t\t\t\t<div class=\"aux-parallax-section elementor-column elementor-col-50 elementor-inner-column elementor-element elementor-element-b8579f0\" data-id=\"b8579f0\" data-element_type=\"column\" data-e-type=\"column\">\n\t\t\t<div class=\"elementor-widget-wrap elementor-element-populated\">\n\t\t\t\t\t\t<div class=\"elementor-element elementor-element-f323ade elementor-widget elementor-widget-heading\" data-id=\"f323ade\" data-element_type=\"widget\" data-e-type=\"widget\" data-widget_type=\"heading.default\">\n\t\t\t\t<div class=\"elementor-widget-container\">\n\t\t\t\t\t<h2 class=\"elementor-heading-title elementor-size-default\">Murders in Mont-de-Marsan<\/h2>\t\t\t\t<\/div>\n\t\t\t\t<\/div>\n\t\t\t\t<div class=\"elementor-element elementor-element-64f2a65 elementor-widget elementor-widget-text-editor\" data-id=\"64f2a65\" data-element_type=\"widget\" data-e-type=\"widget\" data-widget_type=\"text-editor.default\">\n\t\t\t\t<div class=\"elementor-widget-container\">\n\t\t\t\t\t\t\t\t\t<p>TV Film directed by Jean-Marc Th\u00e9rin<\/p>\t\t\t\t\t\t\t\t<\/div>\n\t\t\t\t<\/div>\n\t\t\t\t\t<\/div>\n\t\t<\/div>\n\t\t\t\t<div class=\"aux-parallax-section elementor-column elementor-col-50 elementor-inner-column elementor-element elementor-element-7efcefd\" data-id=\"7efcefd\" data-element_type=\"column\" data-e-type=\"column\">\n\t\t\t<div class=\"elementor-widget-wrap elementor-element-populated\">\n\t\t\t\t\t\t<div class=\"elementor-element elementor-element-47b422b elementor-widget elementor-widget-aux_audio\" data-id=\"47b422b\" data-element_type=\"widget\" data-e-type=\"widget\" data-widget_type=\"aux_audio.default\">\n\t\t\t\t<div class=\"elementor-widget-container\">\n\t\t\t\t\t<section class=\"widget-container aux-widget-audio aux-parent-au37d8b1c8\"><audio class=\"wp-audio-shortcode aux-player-light\" id=\"audio-70-9\" style=\"width: 100%;\" controls=\"controls\"><source type=\"audio\/wav\" src=\"https:\/\/clementinecharuel.com\/wp-content\/uploads\/2025\/11\/MAMM-SOUNDTRACK-MASTER_MAMM-03-Expiate.wav?_=9\" \/><a href=\"https:\/\/clementinecharuel.com\/wp-content\/uploads\/2025\/11\/MAMM-SOUNDTRACK-MASTER_MAMM-03-Expiate.wav\">https:\/\/clementinecharuel.com\/wp-content\/uploads\/2025\/11\/MAMM-SOUNDTRACK-MASTER_MAMM-03-Expiate.wav<\/a><\/audio><\/section><!-- widget-container -->\t\t\t\t<\/div>\n\t\t\t\t<\/div>\n\t\t\t\t\t<\/div>\n\t\t<\/div>\n\t\t\t\t\t<\/div>\n\t\t<\/section>\n\t\t\t\t\t<\/div>\n\t\t<\/div>\n\t\t\t\t\t<\/div>\n\t\t<\/section>\n\t\t\t\t<\/div>","protected":false},"excerpt":{"rendered":"<p>Extraits musicaux Trompe-la-mort Long m\u00e9trage de fiction r\u00e9alis\u00e9 par Rocco Labb\u00e9 (2026) https:\/\/clementinecharuel.com\/wp-content\/uploads\/2026\/03\/TLM-Camouflage-V2.25-SOUNDTRACK_Stereo-Out.wav D\u00e9tresse Court m\u00e9trage de fiction r\u00e9alis\u00e9 par Arnaud H\u00e9mery (2025) https:\/\/clementinecharuel.com\/wp-content\/uploads\/2025\/11\/DTRS-ST-01-Un-Vertige-edit.wav Cherry Long m\u00e9trage de fiction r\u00e9alis\u00e9 par Sophie Galibert (2023) https:\/\/clementinecharuel.com\/wp-content\/uploads\/2025\/04\/CHRY_Cherry.wav https:\/\/clementinecharuel.com\/wp-content\/uploads\/2025\/04\/CHRY_Ride-On-The-Sun.wav Phosphore Court m\u00e9trage de fiction r\u00e9alis\u00e9 par Antoine Devulder (La F\u00e9mis, 2022) https:\/\/clementinecharuel.com\/wp-content\/uploads\/2025\/04\/PSPR_Loreze.wav Icarus Court m\u00e9trage de fiction r\u00e9alis\u00e9 [&hellip;]<\/p>\n","protected":false},"author":1,"featured_media":0,"parent":0,"menu_order":0,"comment_status":"closed","ping_status":"closed","template":"","meta":{"footnotes":""},"class_list":["post-70","page","type-page","status-publish","hentry"],"_links":{"self":[{"href":"https:\/\/clementinecharuel.com\/en\/wp-json\/wp\/v2\/pages\/70","targetHints":{"allow":["GET"]}}],"collection":[{"href":"https:\/\/clementinecharuel.com\/en\/wp-json\/wp\/v2\/pages"}],"about":[{"href":"https:\/\/clementinecharuel.com\/en\/wp-json\/wp\/v2\/types\/page"}],"author":[{"embeddable":true,"href":"https:\/\/clementinecharuel.com\/en\/wp-json\/wp\/v2\/users\/1"}],"replies":[{"embeddable":true,"href":"https:\/\/clementinecharuel.com\/en\/wp-json\/wp\/v2\/comments?post=70"}],"version-history":[{"count":127,"href":"https:\/\/clementinecharuel.com\/en\/wp-json\/wp\/v2\/pages\/70\/revisions"}],"predecessor-version":[{"id":1310,"href":"https:\/\/clementinecharuel.com\/en\/wp-json\/wp\/v2\/pages\/70\/revisions\/1310"}],"wp:attachment":[{"href":"https:\/\/clementinecharuel.com\/en\/wp-json\/wp\/v2\/media?parent=70"}],"curies":[{"name":"wp","href":"https:\/\/api.w.org\/{rel}","templated":true}]}}