{"id":73,"date":"2018-06-19T10:44:17","date_gmt":"2018-06-19T08:44:17","guid":{"rendered":"https:\/\/clementinecharuel.com\/about-us\/"},"modified":"2026-03-11T16:54:21","modified_gmt":"2026-03-11T15:54:21","slug":"a-propos","status":"publish","type":"page","link":"https:\/\/clementinecharuel.com\/en\/a-propos\/","title":{"rendered":"About"},"content":{"rendered":"<div data-elementor-type=\"wp-page\" data-elementor-id=\"73\" class=\"elementor elementor-73\">\n\t\t\t\t\t\t<section class=\"elementor-section elementor-top-section elementor-element elementor-element-7c89838d elementor-section-stretched elementor-section-height-min-height elementor-section-boxed elementor-section-height-default elementor-section-items-middle\" data-id=\"7c89838d\" data-element_type=\"section\" data-e-type=\"section\" data-settings=\"{&quot;stretch_section&quot;:&quot;section-stretched&quot;,&quot;background_background&quot;:&quot;gradient&quot;}\">\n\t\t\t\t\t\t\t<div class=\"elementor-background-overlay\"><\/div>\n\t\t\t\t\t\t\t<div class=\"elementor-container elementor-column-gap-default\">\n\t\t\t\t\t<div class=\"aux-parallax-section elementor-column elementor-col-100 elementor-top-column elementor-element elementor-element-51ad86fa aux-appear-watch-animation aux-fade-in-right\" data-id=\"51ad86fa\" data-element_type=\"column\" data-e-type=\"column\">\n\t\t\t<div class=\"elementor-widget-wrap elementor-element-populated\">\n\t\t\t\t\t\t<div class=\"elementor-element elementor-element-65ae90d0 elementor-widget elementor-widget-aux_modern_heading\" data-id=\"65ae90d0\" data-element_type=\"widget\" data-e-type=\"widget\" data-widget_type=\"aux_modern_heading.default\">\n\t\t\t\t<div class=\"elementor-widget-container\">\n\t\t\t\t\t<section class=\"aux-widget-modern-heading\">\n            <div class=\"aux-widget-inner\"><h2 class=\"aux-modern-heading-primary\">About<\/h2><\/div>\n        <\/section>\t\t\t\t<\/div>\n\t\t\t\t<\/div>\n\t\t\t\t\t<\/div>\n\t\t<\/div>\n\t\t\t\t\t<\/div>\n\t\t<\/section>\n\t\t\t\t<section class=\"elementor-section elementor-top-section elementor-element elementor-element-1b9453a elementor-section-content-middle elementor-section-boxed elementor-section-height-default elementor-section-height-default\" data-id=\"1b9453a\" data-element_type=\"section\" data-e-type=\"section\" data-settings=\"{&quot;background_background&quot;:&quot;classic&quot;,&quot;shape_divider_bottom&quot;:&quot;arrow&quot;}\">\n\t\t\t\t\t<div class=\"elementor-shape elementor-shape-bottom\" aria-hidden=\"true\" data-negative=\"false\">\n\t\t\t<svg xmlns=\"http:\/\/www.w3.org\/2000\/svg\" viewbox=\"0 0 700 10\" preserveaspectratio=\"none\">\n\t<path class=\"elementor-shape-fill\" d=\"M350,10L340,0h20L350,10z\"\/>\n<\/svg>\t\t<\/div>\n\t\t\t\t\t<div class=\"elementor-container elementor-column-gap-default\">\n\t\t\t\t\t<div class=\"aux-parallax-section elementor-column elementor-col-50 elementor-top-column elementor-element elementor-element-46800144 aux-appear-watch-animation aux-fade-in-left elementor-hidden-mobile\" data-id=\"46800144\" data-element_type=\"column\" data-e-type=\"column\">\n\t\t\t<div class=\"elementor-widget-wrap elementor-element-populated\">\n\t\t\t\t\t\t<div class=\"elementor-element elementor-element-6b0f0e96 elementor-widget elementor-widget-aux_image\" data-id=\"6b0f0e96\" data-element_type=\"widget\" data-e-type=\"widget\" data-widget_type=\"aux_image.default\">\n\t\t\t\t<div class=\"elementor-widget-container\">\n\t\t\t\t\t<section class=\"widget-container aux-widget-image aux-alignnone aux-parent-au9d2429b9\">\n    <div class=\"aux-media-hint-frame\">\n        <div class=\"aux-media-image\" >\n        \n            \n\n            \n            <img fetchpriority=\"high\" decoding=\"async\" width=\"2560\" height=\"1920\" src=\"data:image\/gif;base64,R0lGODlhAQABAIAAAAAAAP\/\/\/yH5BAEAAAAALAAAAAABAAEAAAIBRAA7\" class=\"aux-attachment aux-featured-image aux-attachment-id-1182 aux-preload aux-blank\" alt=\"6896A5CE-F54E-4751-94BD-080A461C1B56_1_201_a\" data-ratio=\"1.33\" data-original-w=\"2560\" data-src=\"https:\/\/clementinecharuel.com\/wp-content\/uploads\/2025\/04\/6896A5CE-F54E-4751-94BD-080A461C1B56_1_201_a-scaled.jpg\" \/>            \n                <\/div>\n    <\/div>\n\n<\/section><!-- widget-container -->\t\t\t\t<\/div>\n\t\t\t\t<\/div>\n\t\t\t\t\t<\/div>\n\t\t<\/div>\n\t\t\t\t<div class=\"aux-parallax-section elementor-column elementor-col-50 elementor-top-column elementor-element elementor-element-f7b681b\" data-id=\"f7b681b\" data-element_type=\"column\" data-e-type=\"column\">\n\t\t\t<div class=\"elementor-widget-wrap elementor-element-populated\">\n\t\t\t\t\t\t<div class=\"elementor-element elementor-element-aa80105 aux-appear-watch-animation aux-fade-in-up elementor-widget__width-initial elementor-widget-mobile__width-inherit elementor-widget elementor-widget-aux_modern_heading\" data-id=\"aa80105\" data-element_type=\"widget\" data-e-type=\"widget\" data-widget_type=\"aux_modern_heading.default\">\n\t\t\t\t<div class=\"elementor-widget-container\">\n\t\t\t\t\t<section class=\"aux-widget-modern-heading\">\n            <div class=\"aux-widget-inner\"><h2 class=\"aux-modern-heading-primary\"><\/h2><h3 class=\"aux-modern-heading-secondary\"><span class=\"aux-head-before\">From short to feature, from series to documentary<\/span><\/h3><div class=\"aux-modern-heading-divider\"><\/div><div class=\"aux-modern-heading-description\"><p style=\"text-align: left\">Cl\u00e9mentine Charuel wrote the music for many films including the feature \"Cherry\" by Sophie Galibert (Nominated for U2C Music Young Talent Award in 2025), the short film \"Icarus\" by Christos Kardana, and the documentary \"Des Femmes Une Voix\" by Stan Zambeaux. \n\nHer style at the crossroads of classical and experimental music allows her to explore rich and varied soundscapes that enhance emotion and storytelling. As part of the music team of more than thirty major films, Cl\u00e9mentine has a deep knowledge of every role in the making of film music. <strong><em>Cherry<\/em> <\/strong>(r\u00e9alis\u00e9 par Sophie Galibert, prim\u00e9 \u00e0 Tribeca en 2022 et musique nomm\u00e9e en 2025 aux Prix U2C), le court m\u00e9trage <b><i>Icarus<\/i><\/b> (directed by Christos Kardana, 2025), or the documentary <b><i>Des Femmes, Une Voix <\/i><\/b>(r\u00e9alis\u00e9 par Stan Zambeaux, 2025).<\/p><p class=\"p1\">Son style, \u00e0 la crois\u00e9e de la musique classique et exp\u00e9rimentale, lui permet d'explorer des univers sonores riches et vari\u00e9s qui subliment l\u2019\u00e9motion et la narration. Forte d'exp\u00e9riences au sein des \u00e9quipes musicales de plus de trente projets d'envergure, Cl\u00e9mentine poss\u00e8de une connaissance approfondie de tous les aspects de la cr\u00e9ation de musique \u00e0 l\u2019image.<\/p><\/div><\/div>\n        <\/section>\t\t\t\t<\/div>\n\t\t\t\t<\/div>\n\t\t\t\t\t<\/div>\n\t\t<\/div>\n\t\t\t\t\t<\/div>\n\t\t<\/section>\n\t\t\t\t<section class=\"elementor-section elementor-top-section elementor-element elementor-element-e26f424 elementor-section-content-middle elementor-section-boxed elementor-section-height-default elementor-section-height-default\" data-id=\"e26f424\" data-element_type=\"section\" data-e-type=\"section\" data-settings=\"{&quot;background_background&quot;:&quot;classic&quot;,&quot;shape_divider_top&quot;:&quot;arrow&quot;,&quot;shape_divider_bottom&quot;:&quot;arrow&quot;}\">\n\t\t\t\t\t<div class=\"elementor-shape elementor-shape-top\" aria-hidden=\"true\" data-negative=\"false\">\n\t\t\t<svg xmlns=\"http:\/\/www.w3.org\/2000\/svg\" viewbox=\"0 0 700 10\" preserveaspectratio=\"none\">\n\t<path class=\"elementor-shape-fill\" d=\"M350,10L340,0h20L350,10z\"\/>\n<\/svg>\t\t<\/div>\n\t\t\t\t<div class=\"elementor-shape elementor-shape-bottom\" aria-hidden=\"true\" data-negative=\"false\">\n\t\t\t<svg xmlns=\"http:\/\/www.w3.org\/2000\/svg\" viewbox=\"0 0 700 10\" preserveaspectratio=\"none\">\n\t<path class=\"elementor-shape-fill\" d=\"M350,10L340,0h20L350,10z\"\/>\n<\/svg>\t\t<\/div>\n\t\t\t\t\t<div class=\"elementor-container elementor-column-gap-default\">\n\t\t\t\t\t<div class=\"aux-parallax-section elementor-column elementor-col-50 elementor-top-column elementor-element elementor-element-af981c5\" data-id=\"af981c5\" data-element_type=\"column\" data-e-type=\"column\">\n\t\t\t<div class=\"elementor-widget-wrap elementor-element-populated\">\n\t\t\t\t\t\t<div class=\"elementor-element elementor-element-c67f5b1 aux-appear-watch-animation aux-fade-in-up elementor-widget__width-initial elementor-widget-mobile__width-inherit elementor-widget elementor-widget-aux_modern_heading\" data-id=\"c67f5b1\" data-element_type=\"widget\" data-e-type=\"widget\" data-widget_type=\"aux_modern_heading.default\">\n\t\t\t\t<div class=\"elementor-widget-container\">\n\t\t\t\t\t<section class=\"aux-widget-modern-heading\">\n            <div class=\"aux-widget-inner\"><h2 class=\"aux-modern-heading-primary\"><\/h2><h3 class=\"aux-modern-heading-secondary\"><span class=\"aux-head-before\">A vocation<\/span><\/h3><div class=\"aux-modern-heading-divider\"><\/div><div class=\"aux-modern-heading-description\"><p class=\"p1\">Film music seemed obvious when Cl\u00e9mentine put in common the things that mattered the most: as a cinema lover and a music artist she always associated pictures, stories or even dreams to music she was hearing, playing or writing. Today she really enjoy translating cinematic expression into music expression, interpreting the directors' emotions in her own language and put this music at the service of the movie. While her first steps in music composition were very focused on orchestral music, now she likes mixing it with electronic instruments and with vocal textures. Her trips in different musical spheres (classical, rock, modern music) made her wish to always improve herself and experiment new ways of thinking and writing music.<\/p><\/div><\/div>\n        <\/section>\t\t\t\t<\/div>\n\t\t\t\t<\/div>\n\t\t\t\t\t<\/div>\n\t\t<\/div>\n\t\t\t\t<div class=\"aux-parallax-section elementor-column elementor-col-50 elementor-top-column elementor-element elementor-element-9c83d59 aux-appear-watch-animation aux-scale-down elementor-hidden-mobile\" data-id=\"9c83d59\" data-element_type=\"column\" data-e-type=\"column\">\n\t\t\t<div class=\"elementor-widget-wrap elementor-element-populated\">\n\t\t\t\t\t\t<div class=\"elementor-element elementor-element-8c75692 elementor-widget elementor-widget-aux_image\" data-id=\"8c75692\" data-element_type=\"widget\" data-e-type=\"widget\" data-widget_type=\"aux_image.default\">\n\t\t\t\t<div class=\"elementor-widget-container\">\n\t\t\t\t\t<section class=\"widget-container aux-widget-image aux-alignnone aux-parent-auef9d691e\">\n    <div class=\"aux-media-hint-frame\">\n        <div class=\"aux-media-image\" >\n        \n                            <div class=\"aux-ribbon-wrapper aux-simple-ribbon top-right\">\n                    <span>Photo : Sal Ochoa<\/span>\n                <\/div>\n            \n\n            \n            <img decoding=\"async\" width=\"1024\" height=\"1024\" src=\"data:image\/gif;base64,R0lGODlhAQABAIAAAAAAAP\/\/\/yH5BAEAAAAALAAAAAABAAEAAAIBRAA7\" class=\"aux-attachment aux-featured-image aux-attachment-id-1187 aux-preload aux-blank\" alt=\"_AL_9384\" data-ratio=\"1\" data-original-w=\"1937\" sizes=\"auto\" data-srcset=\"https:\/\/clementinecharuel.com\/wp-content\/uploads\/2025\/04\/AL_9384-scaled-e1745772578502-150x150.jpg 150w,https:\/\/clementinecharuel.com\/wp-content\/uploads\/2025\/04\/AL_9384-scaled-e1745772578502-300x300.jpg 300w,https:\/\/clementinecharuel.com\/wp-content\/uploads\/2025\/04\/AL_9384-scaled-e1745772578502-768x768.jpg 768w,https:\/\/clementinecharuel.com\/wp-content\/uploads\/2025\/04\/AL_9384-scaled-e1745772578502-1024x1024.jpg 1024w,https:\/\/clementinecharuel.com\/wp-content\/uploads\/2025\/04\/AL_9384-scaled-e1745772578502-1024x1024.jpg 1024w\" data-src=\"https:\/\/clementinecharuel.com\/wp-content\/uploads\/2025\/04\/AL_9384-scaled-e1745772578502-1024x1024.jpg\" \/>            \n                <\/div>\n    <\/div>\n\n<\/section><!-- widget-container -->\t\t\t\t<\/div>\n\t\t\t\t<\/div>\n\t\t\t\t\t<\/div>\n\t\t<\/div>\n\t\t\t\t\t<\/div>\n\t\t<\/section>\n\t\t\t\t<section class=\"elementor-section elementor-top-section elementor-element elementor-element-ca2a472 elementor-section-content-middle elementor-section-boxed elementor-section-height-default elementor-section-height-default\" data-id=\"ca2a472\" data-element_type=\"section\" data-e-type=\"section\" data-settings=\"{&quot;background_background&quot;:&quot;classic&quot;,&quot;shape_divider_top&quot;:&quot;arrow&quot;}\">\n\t\t\t\t\t<div class=\"elementor-shape elementor-shape-top\" aria-hidden=\"true\" data-negative=\"false\">\n\t\t\t<svg xmlns=\"http:\/\/www.w3.org\/2000\/svg\" viewbox=\"0 0 700 10\" preserveaspectratio=\"none\">\n\t<path class=\"elementor-shape-fill\" d=\"M350,10L340,0h20L350,10z\"\/>\n<\/svg>\t\t<\/div>\n\t\t\t\t\t<div class=\"elementor-container elementor-column-gap-default\">\n\t\t\t\t\t<div class=\"aux-parallax-section elementor-column elementor-col-50 elementor-top-column elementor-element elementor-element-1d8d0f19 aux-appear-watch-animation aux-scale-down elementor-hidden-mobile\" data-id=\"1d8d0f19\" data-element_type=\"column\" data-e-type=\"column\">\n\t\t\t<div class=\"elementor-widget-wrap elementor-element-populated\">\n\t\t\t\t\t\t<div class=\"elementor-element elementor-element-2d5cedba elementor-widget elementor-widget-aux_image\" data-id=\"2d5cedba\" data-element_type=\"widget\" data-e-type=\"widget\" data-widget_type=\"aux_image.default\">\n\t\t\t\t<div class=\"elementor-widget-container\">\n\t\t\t\t\t<section class=\"widget-container aux-widget-image aux-alignnone aux-parent-au281532d7\">\n    <div class=\"aux-media-hint-frame\">\n        <div class=\"aux-media-image\" >\n        \n                            <div class=\"aux-ribbon-wrapper aux-simple-ribbon top-left\">\n                    <span>Photo : Le\u00efla Macaire<\/span>\n                <\/div>\n            \n\n            \n            <img decoding=\"async\" width=\"784\" height=\"700\" src=\"data:image\/gif;base64,R0lGODlhAQABAIAAAAAAAP\/\/\/yH5BAEAAAAALAAAAAABAAEAAAIBRAA7\" class=\"aux-attachment aux-featured-image aux-attachment-id-192 aux-preload aux-blank\" alt=\"DSC07746\" data-ratio=\"1.12\" data-original-w=\"2560\" sizes=\"auto\" data-srcset=\"https:\/\/clementinecharuel.com\/wp-content\/uploads\/2022\/10\/DSC07746-scaled-150x134.jpg 150w,https:\/\/clementinecharuel.com\/wp-content\/uploads\/2022\/10\/DSC07746-scaled-300x268.jpg 300w,https:\/\/clementinecharuel.com\/wp-content\/uploads\/2022\/10\/DSC07746-scaled-768x686.jpg 768w,https:\/\/clementinecharuel.com\/wp-content\/uploads\/2022\/10\/DSC07746-scaled-1024x914.jpg 1024w,https:\/\/clementinecharuel.com\/wp-content\/uploads\/2022\/10\/DSC07746-scaled-784x700.jpg 784w\" data-src=\"https:\/\/clementinecharuel.com\/wp-content\/uploads\/2022\/10\/DSC07746-scaled-784x700.jpg\" \/>            \n                <\/div>\n    <\/div>\n\n<\/section><!-- widget-container -->\t\t\t\t<\/div>\n\t\t\t\t<\/div>\n\t\t\t\t\t<\/div>\n\t\t<\/div>\n\t\t\t\t<div class=\"aux-parallax-section elementor-column elementor-col-50 elementor-top-column elementor-element elementor-element-5a0853a\" data-id=\"5a0853a\" data-element_type=\"column\" data-e-type=\"column\">\n\t\t\t<div class=\"elementor-widget-wrap elementor-element-populated\">\n\t\t\t\t\t\t<div class=\"elementor-element elementor-element-d9275b9 aux-appear-watch-animation aux-fade-in-up elementor-widget__width-initial elementor-widget elementor-widget-aux_modern_heading\" data-id=\"d9275b9\" data-element_type=\"widget\" data-e-type=\"widget\" data-widget_type=\"aux_modern_heading.default\">\n\t\t\t\t<div class=\"elementor-widget-container\">\n\t\t\t\t\t<section class=\"aux-widget-modern-heading\">\n            <div class=\"aux-widget-inner\"><h2 class=\"aux-modern-heading-primary\"><\/h2><h3 class=\"aux-modern-heading-secondary\"><span class=\"aux-head-before\">Training<\/span><\/h3><div class=\"aux-modern-heading-divider\"><\/div><div class=\"aux-modern-heading-description\"><p class=\"p1\">Cl\u00e9mentine's musical training started when she was 7 as she was interested in playing the piano. While taking courses at the conservatory she wanted to discover music from every angle: she gained new writing styles by playing in rock bands and in chamber choirs, as well as the wish of developing unusual textures. Since she graduated from the Master of Musicology at Paris-Sorbonne (2017) and from the Master of Scoring for Films, Television and Video Games at Berklee College of Music (2018), she has been writing music for many media projects and never gets tired of exploring her creativity through different styles and genres of cinema and music.<\/p><p class=\"p1\">Cl\u00e9mentine was selected by many workshops organised by cinema and music organisations in France and in the all world.<\/p><p class=\"p1\">In 2024, the Colonne Orchestra commissioned her to write the piece \"\u00a0<i>Ouverture sur un fragment d'histoire<\/i> \" at Salle Gaveau in Paris; the same year she enters the music branch of the Acad\u00e9mie des C\u00e9sar.<\/p><\/div><\/div>\n        <\/section>\t\t\t\t<\/div>\n\t\t\t\t<\/div>\n\t\t\t\t\t<\/div>\n\t\t<\/div>\n\t\t\t\t\t<\/div>\n\t\t<\/section>\n\t\t\t\t<\/div>","protected":false},"excerpt":{"rendered":"<p>\u00c0 propos Du court au long, de la s\u00e9rie au documentaire Cl\u00e9mentine Charuel travaille sur une large vari\u00e9t\u00e9 de projets audiovisuels comme\u00a0le long m\u00e9trage Cherry (r\u00e9alis\u00e9 par Sophie Galibert, prim\u00e9 \u00e0 Tribeca en 2022 et musique nomm\u00e9e en 2025 aux Prix U2C), le court m\u00e9trage Icarus (r\u00e9alis\u00e9 par Christos Kardana, 2025), ou encore le documentaire [&hellip;]<\/p>\n","protected":false},"author":1,"featured_media":0,"parent":0,"menu_order":0,"comment_status":"closed","ping_status":"closed","template":"templates\/page-builder-content.php","meta":{"footnotes":""},"class_list":["post-73","page","type-page","status-publish","hentry"],"_links":{"self":[{"href":"https:\/\/clementinecharuel.com\/en\/wp-json\/wp\/v2\/pages\/73","targetHints":{"allow":["GET"]}}],"collection":[{"href":"https:\/\/clementinecharuel.com\/en\/wp-json\/wp\/v2\/pages"}],"about":[{"href":"https:\/\/clementinecharuel.com\/en\/wp-json\/wp\/v2\/types\/page"}],"author":[{"embeddable":true,"href":"https:\/\/clementinecharuel.com\/en\/wp-json\/wp\/v2\/users\/1"}],"replies":[{"embeddable":true,"href":"https:\/\/clementinecharuel.com\/en\/wp-json\/wp\/v2\/comments?post=73"}],"version-history":[{"count":135,"href":"https:\/\/clementinecharuel.com\/en\/wp-json\/wp\/v2\/pages\/73\/revisions"}],"predecessor-version":[{"id":1288,"href":"https:\/\/clementinecharuel.com\/en\/wp-json\/wp\/v2\/pages\/73\/revisions\/1288"}],"wp:attachment":[{"href":"https:\/\/clementinecharuel.com\/en\/wp-json\/wp\/v2\/media?parent=73"}],"curies":[{"name":"wp","href":"https:\/\/api.w.org\/{rel}","templated":true}]}}